{"id":120,"date":"2016-08-26T16:49:27","date_gmt":"2016-08-26T16:49:27","guid":{"rendered":"http:\/\/www.marknightingale.net\/fr\/?page_id=120"},"modified":"2016-09-06T11:44:04","modified_gmt":"2016-09-06T09:44:04","slug":"contact","status":"publish","type":"page","link":"https:\/\/www.marknightingale.net\/fr\/contact\/","title":{"rendered":"Contact"},"content":{"rendered":"<p><div class='row'><div class='columns '><\/p>\n<h1>Con<span class=\"bird\">t<\/span>actez-moi, et travaillons ensemble<\/h1>\n<p><\/div><\/div><br \/>\n<div class='row'><div class='columns small-12 large-5 header-font'><div class='shortcode-large_text '>Envoyez-moi un mail \u00e0 <a href=\"&#109;&#x61;i&#108;&#x74;&#111;&#x3a;h&#101;&#x6c;l&#x6f;&#x40;&#109;&#x61;r&#107;&#x6e;i&#x67;&#x68;&#116;&#x69;n&#103;&#x61;&#108;&#x65;&#46;&#110;&#x65;t\">he&#108;&#108;&#x6f;&#x40;&#x6d;&#x61;rk&#110;&#105;&#x67;&#x68;&#x74;&#x69;ng&#97;&#108;&#101;&#x2e;&#x6e;&#x65;&#x74;<\/a><br \/>\nou remplissez le formulaire ci-dessous.<\/div><\/div><div class='columns small-12 large-7'>La meilleure fa\u00e7on de me contacter c&rsquo;est par mail, ou, si vous pr\u00e9f\u00e9rez, en remplissant le formulaire ci-dessous\u00a0avec les d\u00e9tails de votre projet ou de votre demande. Dans les deux cas, je reviendrai vers vous rapidement.<\/div><\/div><br \/>\n\n<div class=\"wpcf7 no-js\" id=\"wpcf7-f279-o1\" lang=\"en-US\" dir=\"ltr\" data-wpcf7-id=\"279\">\n<div class=\"screen-reader-response\"><p role=\"status\" aria-live=\"polite\" aria-atomic=\"true\"><\/p> <ul><\/ul><\/div>\n<form action=\"\/fr\/wp-json\/wp\/v2\/pages\/120#wpcf7-f279-o1\" method=\"post\" class=\"wpcf7-form init\" aria-label=\"Contact form\" novalidate=\"novalidate\" data-status=\"init\">\n<fieldset class=\"hidden-fields-container\"><input type=\"hidden\" name=\"_wpcf7\" value=\"279\" \/><input type=\"hidden\" name=\"_wpcf7_version\" value=\"6.1.5\" \/><input type=\"hidden\" name=\"_wpcf7_locale\" value=\"en_US\" \/><input type=\"hidden\" name=\"_wpcf7_unit_tag\" value=\"wpcf7-f279-o1\" \/><input type=\"hidden\" name=\"_wpcf7_container_post\" value=\"0\" \/><input type=\"hidden\" name=\"_wpcf7_posted_data_hash\" value=\"\" \/><input type=\"hidden\" name=\"_wpcf7_recaptcha_response\" value=\"\" \/>\n<\/fieldset>\n<div class=\"row\">\n\t<div class=\"column small-12 large-5\">\n\t\t<p><label for=\"name\">Nom et pr\u00e9nom*<\/label><span class=\"wpcf7-form-control-wrap\" data-name=\"name\"><input size=\"40\" maxlength=\"400\" class=\"wpcf7-form-control wpcf7-text wpcf7-validates-as-required\" id=\"name\" aria-required=\"true\" aria-invalid=\"false\" placeholder=\"Votre nom et pr\u00e9nom\" value=\"\" type=\"text\" name=\"name\" \/><\/span><br \/>\n<label for=\"email\">Email*<\/label><span class=\"wpcf7-form-control-wrap\" data-name=\"email\"><input size=\"40\" maxlength=\"400\" class=\"wpcf7-form-control wpcf7-email wpcf7-validates-as-required wpcf7-text wpcf7-validates-as-email\" id=\"email\" aria-required=\"true\" aria-invalid=\"false\" placeholder=\"Votre adresse mail\" value=\"\" type=\"email\" name=\"email\" \/><\/span><br \/>\n<label for=\"site\">Site web<\/label><span class=\"wpcf7-form-control-wrap\" data-name=\"site\"><input size=\"40\" maxlength=\"400\" class=\"wpcf7-form-control wpcf7-text\" id=\"site\" aria-invalid=\"false\" placeholder=\"Si vous avez d\u00e9j\u00e0 un site web\" value=\"\" type=\"text\" name=\"site\" \/><\/span><br \/>\n<label for=\"phone\">Tel<\/label><span class=\"wpcf7-form-control-wrap\" data-name=\"phone\"><input size=\"40\" maxlength=\"400\" class=\"wpcf7-form-control wpcf7-tel wpcf7-text wpcf7-validates-as-tel\" id=\"phone\" aria-invalid=\"false\" placeholder=\"Si vous voulez que je vous rappelle\" value=\"\" type=\"tel\" name=\"phone\" \/><\/span>\n\t\t<\/p>\n\t<\/div>\n\t<div class=\"small-12 large-7 columns\">\n\t\t<p><span class=\"wpcf7-form-control-wrap\" data-name=\"message\"><textarea cols=\"40\" rows=\"10\" maxlength=\"2000\" class=\"wpcf7-form-control wpcf7-textarea\" id=\"message\" aria-invalid=\"false\" placeholder=\"Votre message ici\" name=\"message\"><\/textarea><\/span><br \/>\n<input class=\"wpcf7-form-control wpcf7-submit has-spinner button hollow\" id=\"submit\" type=\"submit\" value=\"Envoyer le message\" \/>\n\t\t<\/p>\n\t<\/div>\n<\/div><div class=\"wpcf7-response-output\" aria-hidden=\"true\"><\/div>\n<\/form>\n<\/div>\n<\/p>\n<p>&nbsp;<\/p>\n","protected":false},"excerpt":{"rendered":"<p>&nbsp;<\/p>\n","protected":false},"author":1,"featured_media":0,"parent":0,"menu_order":0,"comment_status":"closed","ping_status":"closed","template":"","meta":{"_monsterinsights_skip_tracking":false,"_monsterinsights_sitenote_active":false,"_monsterinsights_sitenote_note":"","_monsterinsights_sitenote_category":0,"footnotes":""},"class_list":["post-120","page","type-page","status-publish","hentry"],"yoast_head":"<!-- This site is optimized with the Yoast SEO plugin v27.3 - https:\/\/yoast.com\/product\/yoast-seo-wordpress\/ -->\n<title>Contactez-moi | Mark Nightingale | D\u00e9veloppeur web multilingue \u00e0 Strasbourg<\/title>\n<meta name=\"robots\" content=\"index, follow, max-snippet:-1, max-image-preview:large, max-video-preview:-1\" \/>\n<link rel=\"canonical\" href=\"https:\/\/www.marknightingale.net\/fr\/contact\/\" \/>\n<meta property=\"og:locale\" content=\"fr_FR\" \/>\n<meta property=\"og:type\" content=\"article\" \/>\n<meta property=\"og:title\" content=\"Contactez-moi | Mark Nightingale | D\u00e9veloppeur web multilingue \u00e0 Strasbourg\" \/>\n<meta property=\"og:description\" content=\"&nbsp;\" \/>\n<meta property=\"og:url\" content=\"https:\/\/www.marknightingale.net\/fr\/contact\/\" \/>\n<meta property=\"og:site_name\" content=\"Mark Nightingale\" \/>\n<meta property=\"article:modified_time\" content=\"2016-09-06T09:44:04+00:00\" \/>\n<meta name=\"twitter:card\" content=\"summary_large_image\" \/>\n<script type=\"application\/ld+json\" class=\"yoast-schema-graph\">{\"@context\":\"https:\\\/\\\/schema.org\",\"@graph\":[{\"@type\":\"WebPage\",\"@id\":\"https:\\\/\\\/www.marknightingale.net\\\/fr\\\/contact\\\/\",\"url\":\"https:\\\/\\\/www.marknightingale.net\\\/fr\\\/contact\\\/\",\"name\":\"Contactez-moi | Mark Nightingale | D\u00e9veloppeur web multilingue \u00e0 Strasbourg\",\"isPartOf\":{\"@id\":\"https:\\\/\\\/www.marknightingale.net\\\/#website\"},\"datePublished\":\"2016-08-26T16:49:27+00:00\",\"dateModified\":\"2016-09-06T09:44:04+00:00\",\"breadcrumb\":{\"@id\":\"https:\\\/\\\/www.marknightingale.net\\\/fr\\\/contact\\\/#breadcrumb\"},\"inLanguage\":\"fr-FR\",\"potentialAction\":[{\"@type\":\"ReadAction\",\"target\":[\"https:\\\/\\\/www.marknightingale.net\\\/fr\\\/contact\\\/\"]}]},{\"@type\":\"BreadcrumbList\",\"@id\":\"https:\\\/\\\/www.marknightingale.net\\\/fr\\\/contact\\\/#breadcrumb\",\"itemListElement\":[{\"@type\":\"ListItem\",\"position\":1,\"name\":\"Home\",\"item\":\"https:\\\/\\\/www.marknightingale.net\\\/fr\\\/\"},{\"@type\":\"ListItem\",\"position\":2,\"name\":\"Contact\"}]},{\"@type\":\"WebSite\",\"@id\":\"https:\\\/\\\/www.marknightingale.net\\\/#website\",\"url\":\"https:\\\/\\\/www.marknightingale.net\\\/\",\"name\":\"Mark Nightingale\",\"description\":\"Freelance Web Designer and Project Manager\",\"potentialAction\":[{\"@type\":\"SearchAction\",\"target\":{\"@type\":\"EntryPoint\",\"urlTemplate\":\"https:\\\/\\\/www.marknightingale.net\\\/?s={search_term_string}\"},\"query-input\":{\"@type\":\"PropertyValueSpecification\",\"valueRequired\":true,\"valueName\":\"search_term_string\"}}],\"inLanguage\":\"fr-FR\"}]}<\/script>\n<!-- \/ Yoast SEO plugin. -->","yoast_head_json":{"title":"Contactez-moi | Mark Nightingale | D\u00e9veloppeur web multilingue \u00e0 Strasbourg","robots":{"index":"index","follow":"follow","max-snippet":"max-snippet:-1","max-image-preview":"max-image-preview:large","max-video-preview":"max-video-preview:-1"},"canonical":"https:\/\/www.marknightingale.net\/fr\/contact\/","og_locale":"fr_FR","og_type":"article","og_title":"Contactez-moi | Mark Nightingale | D\u00e9veloppeur web multilingue \u00e0 Strasbourg","og_description":"&nbsp;","og_url":"https:\/\/www.marknightingale.net\/fr\/contact\/","og_site_name":"Mark Nightingale","article_modified_time":"2016-09-06T09:44:04+00:00","twitter_card":"summary_large_image","schema":{"@context":"https:\/\/schema.org","@graph":[{"@type":"WebPage","@id":"https:\/\/www.marknightingale.net\/fr\/contact\/","url":"https:\/\/www.marknightingale.net\/fr\/contact\/","name":"Contactez-moi | Mark Nightingale | D\u00e9veloppeur web multilingue \u00e0 Strasbourg","isPartOf":{"@id":"https:\/\/www.marknightingale.net\/#website"},"datePublished":"2016-08-26T16:49:27+00:00","dateModified":"2016-09-06T09:44:04+00:00","breadcrumb":{"@id":"https:\/\/www.marknightingale.net\/fr\/contact\/#breadcrumb"},"inLanguage":"fr-FR","potentialAction":[{"@type":"ReadAction","target":["https:\/\/www.marknightingale.net\/fr\/contact\/"]}]},{"@type":"BreadcrumbList","@id":"https:\/\/www.marknightingale.net\/fr\/contact\/#breadcrumb","itemListElement":[{"@type":"ListItem","position":1,"name":"Home","item":"https:\/\/www.marknightingale.net\/fr\/"},{"@type":"ListItem","position":2,"name":"Contact"}]},{"@type":"WebSite","@id":"https:\/\/www.marknightingale.net\/#website","url":"https:\/\/www.marknightingale.net\/","name":"Mark Nightingale","description":"Freelance Web Designer and Project Manager","potentialAction":[{"@type":"SearchAction","target":{"@type":"EntryPoint","urlTemplate":"https:\/\/www.marknightingale.net\/?s={search_term_string}"},"query-input":{"@type":"PropertyValueSpecification","valueRequired":true,"valueName":"search_term_string"}}],"inLanguage":"fr-FR"}]}},"_links":{"self":[{"href":"https:\/\/www.marknightingale.net\/fr\/wp-json\/wp\/v2\/pages\/120","targetHints":{"allow":["GET"]}}],"collection":[{"href":"https:\/\/www.marknightingale.net\/fr\/wp-json\/wp\/v2\/pages"}],"about":[{"href":"https:\/\/www.marknightingale.net\/fr\/wp-json\/wp\/v2\/types\/page"}],"author":[{"embeddable":true,"href":"https:\/\/www.marknightingale.net\/fr\/wp-json\/wp\/v2\/users\/1"}],"replies":[{"embeddable":true,"href":"https:\/\/www.marknightingale.net\/fr\/wp-json\/wp\/v2\/comments?post=120"}],"version-history":[{"count":5,"href":"https:\/\/www.marknightingale.net\/fr\/wp-json\/wp\/v2\/pages\/120\/revisions"}],"predecessor-version":[{"id":305,"href":"https:\/\/www.marknightingale.net\/fr\/wp-json\/wp\/v2\/pages\/120\/revisions\/305"}],"wp:attachment":[{"href":"https:\/\/www.marknightingale.net\/fr\/wp-json\/wp\/v2\/media?parent=120"}],"curies":[{"name":"wp","href":"https:\/\/api.w.org\/{rel}","templated":true}]}}