{"id":397,"date":"2016-12-13T15:35:58","date_gmt":"2016-12-13T13:35:58","guid":{"rendered":"http:\/\/www.marknightingale.net\/?page_id=397\/"},"modified":"2022-10-05T16:21:33","modified_gmt":"2022-10-05T14:21:33","slug":"maintenance","status":"publish","type":"page","link":"https:\/\/www.marknightingale.net\/fr\/maintenance\/","title":{"rendered":"Maintenance"},"content":{"rendered":"<p><div class=\"fancy-heading-background \"><div class=\"row\"><div class=\"column\"><div class='fancy-heading '>Maintenance de votre site web<\/div><\/div><\/div><\/div><br \/>\n<div class='row'><div class='columns '><\/p>\n<h2 style=\"text-align: center;\">Des contrats de maintenance adapt\u00e9s pour votre site WordPress<\/h2>\n<p><\/div><\/div><br \/>\n<div class='row'><div class='columns small-12 medium-6 large-6 text-center'><img loading=\"lazy\" decoding=\"async\" src=\"http:\/\/www.marknightingale.net\/wp-content\/themes\/marknightingale\/assets\/images\/check.svg\" width=\"40\" height=\"40\" \/> Contrat mensuel sans engagement<\/div><div class='columns small-12 medium-6 large-6 text-center'><img loading=\"lazy\" decoding=\"async\" src=\"http:\/\/www.marknightingale.net\/wp-content\/themes\/marknightingale\/assets\/images\/check.svg\" width=\"40\" height=\"40\" \/> Sans frais de mise en place<\/div><\/div><\/p>\n<div data-equalizer=\"\" data-equalize-on=\"medium\">\n<div class='row'><div class='columns small-12 medium-3 large-3'><\/p>\n<div class=\"pricing-table-container\" data-equalizer-watch=\"\">\n<h3 style=\"text-align: center;\">WP CORPORATE<\/h3>\n<ul class=\"pricing-table\">\n<li class=\"pricing-table-price-line\"><span class=\"pricing-table-price\">Sur devis<\/span><\/li>\n<li class=\"pricing-table-item\">Des formules sur mesure pour r\u00e9pondre \u00e0 tout besoin de maintenance WordPress.<\/li>\n<li class=\"pricing-table-item\"><strong>L&rsquo;offre WP BUSINESS et en plus&#8230;<\/strong><\/li>\n<li class=\"pricing-table-item\">Une formule sur mesure, un tarif comp\u00e9titif.<\/li>\n<li class=\"pricing-table-item\">Un accompagnement personalis\u00e9.<\/li>\n<\/ul>\n<p><a class=\"button expanded\" href=\"http:\/\/marknightingale.net\/fr\/contact\">Contactez-moi<\/a><\/p>\n<\/div>\n<p><\/div><div class='columns small-12 medium-3 large-3'><\/p>\n<div class=\"pricing-table-container pricing-table-highlight\" data-equalizer-watch=\"\">\n<h3 style=\"text-align: center;\">WP BUSINESS<\/h3>\n<ul class=\"pricing-table\">\n<li class=\"pricing-table-price-line\"><span class=\"pricing-table-price\">89<\/span> \u20ac HT \/ mois<\/li>\n<li class=\"pricing-table-item\">Votre site est la cl\u00e9 de votre business. Optez pour la tranquillit\u00e9 d&rsquo;esprit.<\/li>\n<li class=\"pricing-table-item\"><strong>L&rsquo;offre WP STARTER et en plus&#8230;<\/strong><\/li>\n<li class=\"pricing-table-item\"><strong>Sauvegardes toutes les heures<\/strong> de votre site et ses contenus.<\/li>\n<li class=\"pricing-table-item\">Mises \u00e0 jour <strong>toutes les deux semaines<\/strong> de votre site et des plugins.<\/li>\n<li>Suivi de votre <strong>positionnement SEO<\/strong> sur des mots-cl\u00e9s fournis.<\/li>\n<li>Optimisations et suivi de la <strong>performance<\/strong> de votre site web.<\/li>\n<li>Un <strong>rapport mensuel<\/strong> sur le suivi de votre site web<\/li>\n<\/ul>\n<p><a class=\"button expanded\" href=\"http:\/\/marknightingale.net\/fr\/contact\">Contactez-moi<\/a><\/p>\n<\/div>\n<p><\/div><div class='columns small-12 medium-3 large-3'><\/p>\n<div class=\"pricing-table-container\" data-equalizer-watch=\"\">\n<h3 style=\"text-align: center;\">WP STARTER<\/h3>\n<ul class=\"pricing-table\">\n<li class=\"pricing-table-price-line\"><span class=\"pricing-table-price\">55<\/span> \u20ac HT \/ mois<\/li>\n<li class=\"pricing-table-item\">La maintenance essentielle de votre site.<\/li>\n<li class=\"pricing-table-item\"><strong>Sauvegardes quotidiennes<\/strong> de votre site et ses contenus<\/li>\n<li class=\"pricing-table-item\">Mise \u00e0 jour de votre site, plugins et th\u00e8mes <strong>tous les mois<\/strong><\/li>\n<li class=\"pricing-table-item\">Garantie corrective des r\u00e9alisations*<\/li>\n<li class=\"pricing-table-item\"><strong>Alertes d&rsquo;indisponibilit\u00e9<\/strong> en cas de probl\u00e8me avec le site ou le serveur<\/li>\n<li class=\"pricing-table-item\"><strong>Pare-feu de s\u00e9curit\u00e9<\/strong> mise en place d\u00e8s le d\u00e9but du contrat, avec un monitoring quotidien des failles de s\u00e9curit\u00e9.<\/li>\n<li><strong>En option<\/strong>: Un reporting mensuel sur votre positionnement SEO sur des mots-cl\u00e9s fournis.<\/li>\n<\/ul>\n<p><a class=\"button expanded\" href=\"http:\/\/marknightingale.net\/fr\/contact\">Contactez-moi<\/a><\/p>\n<\/div>\n<p><\/div><div class='columns small-12 medium-3 large-3'><\/p>\n<div class=\"pricing-table-container pricing-table-lowlight\" data-equalizer-watch=\"\">\n<h3 style=\"text-align: center;\">WP ASSO<\/h3>\n<ul class=\"pricing-table\">\n<li class=\"pricing-table-price-line\"><span class=\"pricing-table-price-strike\">55 \u20ac<\/span><span class=\"pricing-table-price\">39<\/span> \u20ac HT \/ mois<\/li>\n<li class=\"pricing-table-item\"><strong>R\u00e9serv\u00e9 aux associations.<\/strong><\/li>\n<li class=\"pricing-table-item\"><strong>Sauvegardes quotidiennes<\/strong> de votre site et ses contenus<\/li>\n<li class=\"pricing-table-item\">Mise \u00e0 jour de votre site, plugins et th\u00e8mes <strong>tous les mois<\/strong><\/li>\n<li class=\"pricing-table-item\">Garantie corrective des r\u00e9alisations*<\/li>\n<\/ul>\n<p><a class=\"button expanded\" href=\"http:\/\/marknightingale.net\/fr\/contact\">Contactez-moi<\/a><\/p>\n<\/div>\n<p><\/div><\/div>\n<\/div>\n<div class='row'><div class='columns small-12'><\/div><small>* Garantie des r\u00e9alisations et des d\u00e9veloppements entrepris par Mark Nightingale. <\/small><\/div>\n<p>&nbsp;<\/p>\n<div class='row'><div class='columns text-center'><div class='shortcode-quote '>Optez pour la tranquillite\u0301 d\u2019esprit.<\/div><\/div><\/div>\n<p>&nbsp;<\/p>\n<div class='row'><div class='columns small-12 medium-push-4 medium-8 large-8'><\/p>\n<h4>Une garantie corrective<\/h4>\n<p>En souscrivant un contrat de maintenance corrective, vous e\u0302tes couvert pendant la p\u00e9riode de la garantie contre tout dysfonctionnement sur le site qui r\u00e9sulte de l\u2019intervention faite par Mark Nightingale. Notamment ceci peu inclure :<\/p>\n<ul>\n<li>Des bugs graphiques (affichage incorrect sur smartphone \/ tablette dans le cas d\u2019un site responsive).<\/li>\n<li>Des proble\u0300mes de fonctionnement.<\/li>\n<\/ul>\n<h4>Des mises \u00e0 jour r\u00e9guli\u00e8res<\/h4>\n<p>Au del\u00e0 de la garantie corrective, vous b\u00e9n\u00e9ficiez \u00e9galement d\u2019une garantie de mises \u00e0 jour r\u00e9guli\u00e8res de votre CMS, de ses th\u00e8mes et de ses plugins sur un rythme hebdomadaire. Ceci vous garantie la meilleur protection de votre site contre des menaces, des failles de s\u00e9curit\u00e9, et des dysfonctionnements qui sont corrig\u00e9 par les d\u00e9veloppeurs WordPress et les d\u00e9veloppeurs de vos plugins.<\/p>\n<p>Afin de pr\u00e9voir tout conflit de plugin ou de version, les mises \u00e0 jour sont d\u00e9ploy\u00e9es d\u2019abord sur l\u2019espace de \u2018staging\u2019 ou \u2018pr\u00e9-production\u2019 de votre site, qui permet de v\u00e9rifier leur bon fonctionnement avant de mettre \u00e0 jour le site en production.<\/p>\n<h4>Des sauvegardes de votre site<\/h4>\n<p>Afin de vous garantir la tranquillit\u00e9 d\u2019esprit, une sauvegarde compl\u00e8te de votre site, de vos fichiers et de votre base de donn\u00e9es sera enregistr\u00e9e et stock\u00e9e \u00e8 distance sur de l\u2019infrastructure sure et fiable Amazon S3.<\/p>\n<p><\/div><div class='columns small-12 medium-pull-8 medium-4 large-4'><\/p>\n<p><img loading=\"lazy\" decoding=\"async\" class=\"alignnone wp-image-366 size-medium\" src=\"http:\/\/www.marknightingale.net\/wp-content\/uploads\/2016\/12\/Logo_MarkNightingale-couleur-300x138.png\" alt=\"logo_marknightingale-couleur\" width=\"300\" height=\"138\" srcset=\"https:\/\/www.marknightingale.net\/wp-content\/uploads\/2016\/12\/Logo_MarkNightingale-couleur-300x138.png 300w, https:\/\/www.marknightingale.net\/wp-content\/uploads\/2016\/12\/Logo_MarkNightingale-couleur-600x276.png 600w, https:\/\/www.marknightingale.net\/wp-content\/uploads\/2016\/12\/Logo_MarkNightingale-couleur.png 721w\" sizes=\"auto, (max-width: 300px) 100vw, 300px\" \/><\/p>\n<p><\/div><\/div>\n<div class='row'><div class='columns small-12 text-center'><\/p>\n<p><a class=\"button\" href=\"http:\/\/www.marknightingale.net\/fr\/contact\">Une formule vous int\u00e9resse ? Parlons-en<\/a><\/p>\n<p><\/div><\/div>\n","protected":false},"excerpt":{"rendered":"<p>&nbsp; &nbsp;<\/p>\n","protected":false},"author":1,"featured_media":0,"parent":0,"menu_order":0,"comment_status":"closed","ping_status":"closed","template":"","meta":{"_monsterinsights_skip_tracking":false,"_monsterinsights_sitenote_active":false,"_monsterinsights_sitenote_note":"","_monsterinsights_sitenote_category":0,"footnotes":""},"class_list":["post-397","page","type-page","status-publish","hentry"],"yoast_head":"<!-- This site is optimized with the Yoast SEO plugin v27.3 - https:\/\/yoast.com\/product\/yoast-seo-wordpress\/ -->\n<title>Maintenance - Mark Nightingale<\/title>\n<meta name=\"robots\" content=\"index, follow, max-snippet:-1, max-image-preview:large, max-video-preview:-1\" \/>\n<link rel=\"canonical\" href=\"https:\/\/www.marknightingale.net\/fr\/maintenance\/\" \/>\n<meta property=\"og:locale\" content=\"fr_FR\" \/>\n<meta property=\"og:type\" content=\"article\" \/>\n<meta property=\"og:title\" content=\"Maintenance - Mark Nightingale\" \/>\n<meta property=\"og:description\" content=\"&nbsp; &nbsp;\" \/>\n<meta property=\"og:url\" content=\"https:\/\/www.marknightingale.net\/fr\/maintenance\/\" \/>\n<meta property=\"og:site_name\" content=\"Mark Nightingale\" \/>\n<meta property=\"article:modified_time\" content=\"2022-10-05T14:21:33+00:00\" \/>\n<meta property=\"og:image\" content=\"http:\/\/www.marknightingale.net\/wp-content\/themes\/marknightingale\/assets\/images\/check.svg\" \/>\n<meta name=\"twitter:card\" content=\"summary_large_image\" \/>\n<meta name=\"twitter:label1\" content=\"Dur\u00e9e de lecture estim\u00e9e\" \/>\n\t<meta name=\"twitter:data1\" content=\"3 minutes\" \/>\n<script type=\"application\/ld+json\" class=\"yoast-schema-graph\">{\"@context\":\"https:\\\/\\\/schema.org\",\"@graph\":[{\"@type\":\"WebPage\",\"@id\":\"https:\\\/\\\/www.marknightingale.net\\\/fr\\\/maintenance\\\/\",\"url\":\"https:\\\/\\\/www.marknightingale.net\\\/fr\\\/maintenance\\\/\",\"name\":\"Maintenance - Mark Nightingale\",\"isPartOf\":{\"@id\":\"https:\\\/\\\/www.marknightingale.net\\\/#website\"},\"primaryImageOfPage\":{\"@id\":\"https:\\\/\\\/www.marknightingale.net\\\/fr\\\/maintenance\\\/#primaryimage\"},\"image\":{\"@id\":\"https:\\\/\\\/www.marknightingale.net\\\/fr\\\/maintenance\\\/#primaryimage\"},\"thumbnailUrl\":\"http:\\\/\\\/www.marknightingale.net\\\/wp-content\\\/themes\\\/marknightingale\\\/assets\\\/images\\\/check.svg\",\"datePublished\":\"2016-12-13T13:35:58+00:00\",\"dateModified\":\"2022-10-05T14:21:33+00:00\",\"breadcrumb\":{\"@id\":\"https:\\\/\\\/www.marknightingale.net\\\/fr\\\/maintenance\\\/#breadcrumb\"},\"inLanguage\":\"fr-FR\",\"potentialAction\":[{\"@type\":\"ReadAction\",\"target\":[\"https:\\\/\\\/www.marknightingale.net\\\/fr\\\/maintenance\\\/\"]}]},{\"@type\":\"ImageObject\",\"inLanguage\":\"fr-FR\",\"@id\":\"https:\\\/\\\/www.marknightingale.net\\\/fr\\\/maintenance\\\/#primaryimage\",\"url\":\"http:\\\/\\\/www.marknightingale.net\\\/wp-content\\\/themes\\\/marknightingale\\\/assets\\\/images\\\/check.svg\",\"contentUrl\":\"http:\\\/\\\/www.marknightingale.net\\\/wp-content\\\/themes\\\/marknightingale\\\/assets\\\/images\\\/check.svg\"},{\"@type\":\"BreadcrumbList\",\"@id\":\"https:\\\/\\\/www.marknightingale.net\\\/fr\\\/maintenance\\\/#breadcrumb\",\"itemListElement\":[{\"@type\":\"ListItem\",\"position\":1,\"name\":\"Home\",\"item\":\"https:\\\/\\\/www.marknightingale.net\\\/fr\\\/\"},{\"@type\":\"ListItem\",\"position\":2,\"name\":\"Maintenance\"}]},{\"@type\":\"WebSite\",\"@id\":\"https:\\\/\\\/www.marknightingale.net\\\/#website\",\"url\":\"https:\\\/\\\/www.marknightingale.net\\\/\",\"name\":\"Mark Nightingale\",\"description\":\"Freelance Web Designer and Project Manager\",\"potentialAction\":[{\"@type\":\"SearchAction\",\"target\":{\"@type\":\"EntryPoint\",\"urlTemplate\":\"https:\\\/\\\/www.marknightingale.net\\\/?s={search_term_string}\"},\"query-input\":{\"@type\":\"PropertyValueSpecification\",\"valueRequired\":true,\"valueName\":\"search_term_string\"}}],\"inLanguage\":\"fr-FR\"}]}<\/script>\n<!-- \/ Yoast SEO plugin. -->","yoast_head_json":{"title":"Maintenance - Mark Nightingale","robots":{"index":"index","follow":"follow","max-snippet":"max-snippet:-1","max-image-preview":"max-image-preview:large","max-video-preview":"max-video-preview:-1"},"canonical":"https:\/\/www.marknightingale.net\/fr\/maintenance\/","og_locale":"fr_FR","og_type":"article","og_title":"Maintenance - Mark Nightingale","og_description":"&nbsp; &nbsp;","og_url":"https:\/\/www.marknightingale.net\/fr\/maintenance\/","og_site_name":"Mark Nightingale","article_modified_time":"2022-10-05T14:21:33+00:00","og_image":[{"url":"http:\/\/www.marknightingale.net\/wp-content\/themes\/marknightingale\/assets\/images\/check.svg","type":"","width":"","height":""}],"twitter_card":"summary_large_image","twitter_misc":{"Dur\u00e9e de lecture estim\u00e9e":"3 minutes"},"schema":{"@context":"https:\/\/schema.org","@graph":[{"@type":"WebPage","@id":"https:\/\/www.marknightingale.net\/fr\/maintenance\/","url":"https:\/\/www.marknightingale.net\/fr\/maintenance\/","name":"Maintenance - Mark Nightingale","isPartOf":{"@id":"https:\/\/www.marknightingale.net\/#website"},"primaryImageOfPage":{"@id":"https:\/\/www.marknightingale.net\/fr\/maintenance\/#primaryimage"},"image":{"@id":"https:\/\/www.marknightingale.net\/fr\/maintenance\/#primaryimage"},"thumbnailUrl":"http:\/\/www.marknightingale.net\/wp-content\/themes\/marknightingale\/assets\/images\/check.svg","datePublished":"2016-12-13T13:35:58+00:00","dateModified":"2022-10-05T14:21:33+00:00","breadcrumb":{"@id":"https:\/\/www.marknightingale.net\/fr\/maintenance\/#breadcrumb"},"inLanguage":"fr-FR","potentialAction":[{"@type":"ReadAction","target":["https:\/\/www.marknightingale.net\/fr\/maintenance\/"]}]},{"@type":"ImageObject","inLanguage":"fr-FR","@id":"https:\/\/www.marknightingale.net\/fr\/maintenance\/#primaryimage","url":"http:\/\/www.marknightingale.net\/wp-content\/themes\/marknightingale\/assets\/images\/check.svg","contentUrl":"http:\/\/www.marknightingale.net\/wp-content\/themes\/marknightingale\/assets\/images\/check.svg"},{"@type":"BreadcrumbList","@id":"https:\/\/www.marknightingale.net\/fr\/maintenance\/#breadcrumb","itemListElement":[{"@type":"ListItem","position":1,"name":"Home","item":"https:\/\/www.marknightingale.net\/fr\/"},{"@type":"ListItem","position":2,"name":"Maintenance"}]},{"@type":"WebSite","@id":"https:\/\/www.marknightingale.net\/#website","url":"https:\/\/www.marknightingale.net\/","name":"Mark Nightingale","description":"Freelance Web Designer and Project Manager","potentialAction":[{"@type":"SearchAction","target":{"@type":"EntryPoint","urlTemplate":"https:\/\/www.marknightingale.net\/?s={search_term_string}"},"query-input":{"@type":"PropertyValueSpecification","valueRequired":true,"valueName":"search_term_string"}}],"inLanguage":"fr-FR"}]}},"_links":{"self":[{"href":"https:\/\/www.marknightingale.net\/fr\/wp-json\/wp\/v2\/pages\/397","targetHints":{"allow":["GET"]}}],"collection":[{"href":"https:\/\/www.marknightingale.net\/fr\/wp-json\/wp\/v2\/pages"}],"about":[{"href":"https:\/\/www.marknightingale.net\/fr\/wp-json\/wp\/v2\/types\/page"}],"author":[{"embeddable":true,"href":"https:\/\/www.marknightingale.net\/fr\/wp-json\/wp\/v2\/users\/1"}],"replies":[{"embeddable":true,"href":"https:\/\/www.marknightingale.net\/fr\/wp-json\/wp\/v2\/comments?post=397"}],"version-history":[{"count":5,"href":"https:\/\/www.marknightingale.net\/fr\/wp-json\/wp\/v2\/pages\/397\/revisions"}],"predecessor-version":[{"id":6056,"href":"https:\/\/www.marknightingale.net\/fr\/wp-json\/wp\/v2\/pages\/397\/revisions\/6056"}],"wp:attachment":[{"href":"https:\/\/www.marknightingale.net\/fr\/wp-json\/wp\/v2\/media?parent=397"}],"curies":[{"name":"wp","href":"https:\/\/api.w.org\/{rel}","templated":true}]}}